{"id":44,"date":"2017-07-25T08:53:37","date_gmt":"2017-07-25T06:53:37","guid":{"rendered":"http:\/\/hochwasser-grafschaft.de\/?page_id=44"},"modified":"2019-10-09T09:05:22","modified_gmt":"2019-10-09T07:05:22","slug":"startseite","status":"publish","type":"page","link":"https:\/\/hochwasser-grafschaft.de\/","title":{"rendered":"Startseite"},"content":{"rendered":"<div id=\"attachment_700\" style=\"width: 330px\" class=\"wp-caption alignright\"><a href=\"http:\/\/hochwasser-grafschaft.de\/?page_id=251\"><img loading=\"lazy\" decoding=\"async\" aria-describedby=\"caption-attachment-700\" class=\"wp-image-700\" src=\"http:\/\/hochwasser-grafschaft.de\/wp-content\/uploads\/2019\/06\/Titelbild-Starkregenvorsorgebrosch\u00fcre1.png\" alt=\"\" width=\"320\" height=\"453\" srcset=\"https:\/\/hochwasser-grafschaft.de\/wp-content\/uploads\/2019\/06\/Titelbild-Starkregenvorsorgebrosch\u00fcre1.png 530w, https:\/\/hochwasser-grafschaft.de\/wp-content\/uploads\/2019\/06\/Titelbild-Starkregenvorsorgebrosch\u00fcre1-212x300.png 212w\" sizes=\"auto, (max-width: 320px) 100vw, 320px\" \/><\/a><p id=\"caption-attachment-700\" class=\"wp-caption-text\">Starkregeninformationsbrosch\u00fcre der Gemeinde Grafschaft aus 2019<\/p><\/div>\n<p><strong><span style=\"color: #3c5efa;\">Hintergrund und Anlass<\/span><\/strong><\/p>\n<p align=\"justify\">Risiko definiert sich im Wesentlichen \u00fcber H\u00f6he der Auftrittswahrscheinlichkeit eines Risikoereignisses und der jeweils zu erwartenden Sch\u00e4den- So auch beim Ph\u00e4nomen des Starkregens. Das gr\u00f6\u00dfte Risiko in der Gemeinde Grafschaft besteht darin, als Kommune mit geringen Hochwasser- und\/oder \u00dcberflutungswahrscheinlichkeiten, unvorbereitet von einem weiteren Starkregenereignis getroffen zu werden. Ein 100%iger Schutz kann nie gew\u00e4hrleistet werden, dennoch tr\u00e4gt jede realisierte Ma\u00dfnahme dazu bei, die Vorsorge voran zu treiben und Sch\u00e4den zu verhindern bzw. abzumildern.<\/p>\n<p align=\"justify\">Daher gilt es gerade in einer Region wie unserer, die bereits 2010, 2013 und 2016 schwere Starkregenereignisse zu verzeichnen hatte, das Bewusstsein f\u00fcr Problemlagen zu sch\u00e4rfen und Strategien zu entwickeln, das Risiko von vermeidbaren Sch\u00e4den einzud\u00e4mmen.<\/p>\n<p align=\"justify\">Hierf\u00fcr ist es wichtig, einen kontinuierlichen Austausch auf Kommunalebene, aber auch zwischen Kommune und B\u00fcrger aufrecht zu erhalten.<\/p>\n<p align=\"justify\">Auf dieser Seite wollen wir Sie dazu einladen, sich \u00fcber das Ph\u00e4nomen Starkregen zu informieren und mit der Gemeindeverwaltung im regen Austausch rund um das Thema &#8222;Starkregenvorsorge&#8220; zu bleiben.<\/p>\n<div id=\"attachment_858\" style=\"width: 831px\" class=\"wp-caption alignnone\"><img loading=\"lazy\" decoding=\"async\" aria-describedby=\"caption-attachment-858\" class=\"wp-image-858 size-full\" src=\"http:\/\/hochwasser-grafschaft.de\/wp-content\/uploads\/2019\/10\/2019-10-08-08_33_41-Pr\u00e4sentation1.pdf-Adobe-Acrobat-Reader-DC-1.png\" alt=\"Beteiligte bei der Erstellung eines Starkregenvorsorgekonzeptes Quelle: Gemeinde Grafschaft 2019\" width=\"821\" height=\"614\" srcset=\"https:\/\/hochwasser-grafschaft.de\/wp-content\/uploads\/2019\/10\/2019-10-08-08_33_41-Pr\u00e4sentation1.pdf-Adobe-Acrobat-Reader-DC-1.png 821w, https:\/\/hochwasser-grafschaft.de\/wp-content\/uploads\/2019\/10\/2019-10-08-08_33_41-Pr\u00e4sentation1.pdf-Adobe-Acrobat-Reader-DC-1-300x224.png 300w, https:\/\/hochwasser-grafschaft.de\/wp-content\/uploads\/2019\/10\/2019-10-08-08_33_41-Pr\u00e4sentation1.pdf-Adobe-Acrobat-Reader-DC-1-768x574.png 768w\" sizes=\"auto, (max-width: 821px) 100vw, 821px\" \/><p id=\"caption-attachment-858\" class=\"wp-caption-text\">Beteiligte bei der Erstellung eines Starkregenvorsorgekonzeptes Quelle: Gemeinde Grafschaft 2019<\/p><\/div>\n<p align=\"justify\">\n","protected":false},"excerpt":{"rendered":"<p>Hintergrund und Anlass Risiko definiert sich im Wesentlichen \u00fcber H\u00f6he der Auftrittswahrscheinlichkeit eines Risikoereignisses und der jeweils zu erwartenden Sch\u00e4den- So auch beim Ph\u00e4nomen des Starkregens. Das gr\u00f6\u00dfte Risiko in der Gemeinde Grafschaft besteht darin, als Kommune mit geringen Hochwasser- und\/oder \u00dcberflutungswahrscheinlichkeiten, unvorbereitet von einem weiteren Starkregenereignis getroffen zu werden. <a class=\"more-link\" href=\"https:\/\/hochwasser-grafschaft.de\/\">Weiterlesen\u00a0\u2026<\/a><\/p>\n","protected":false},"author":1,"featured_media":0,"parent":0,"menu_order":0,"comment_status":"closed","ping_status":"closed","template":"","meta":{"footnotes":""},"class_list":["post-44","page","type-page","status-publish","hentry"],"_links":{"self":[{"href":"https:\/\/hochwasser-grafschaft.de\/index.php?rest_route=\/wp\/v2\/pages\/44","targetHints":{"allow":["GET"]}}],"collection":[{"href":"https:\/\/hochwasser-grafschaft.de\/index.php?rest_route=\/wp\/v2\/pages"}],"about":[{"href":"https:\/\/hochwasser-grafschaft.de\/index.php?rest_route=\/wp\/v2\/types\/page"}],"author":[{"embeddable":true,"href":"https:\/\/hochwasser-grafschaft.de\/index.php?rest_route=\/wp\/v2\/users\/1"}],"replies":[{"embeddable":true,"href":"https:\/\/hochwasser-grafschaft.de\/index.php?rest_route=%2Fwp%2Fv2%2Fcomments&post=44"}],"version-history":[{"count":16,"href":"https:\/\/hochwasser-grafschaft.de\/index.php?rest_route=\/wp\/v2\/pages\/44\/revisions"}],"predecessor-version":[{"id":862,"href":"https:\/\/hochwasser-grafschaft.de\/index.php?rest_route=\/wp\/v2\/pages\/44\/revisions\/862"}],"wp:attachment":[{"href":"https:\/\/hochwasser-grafschaft.de\/index.php?rest_route=%2Fwp%2Fv2%2Fmedia&parent=44"}],"curies":[{"name":"wp","href":"https:\/\/api.w.org\/{rel}","templated":true}]}}